{"id":109,"date":"2024-07-15T03:50:50","date_gmt":"2024-07-15T03:50:50","guid":{"rendered":"http:\/\/source.wpopal.com\/industras\/?page_id=109"},"modified":"2025-01-27T14:25:47","modified_gmt":"2025-01-27T14:25:47","slug":"xidmetlerimiz","status":"publish","type":"page","link":"https:\/\/simsek-vk.az\/en\/xidmetlerimiz\/","title":{"rendered":"Our services"},"content":{"rendered":"<div data-elementor-type=\"wp-page\" data-elementor-id=\"109\" class=\"elementor elementor-109\" data-elementor-post-type=\"page\">\n\t\t\t\t<div class=\"elementor-element elementor-element-0d1a039 e-con-full e-flex e-con e-parent\" data-id=\"0d1a039\" data-element_type=\"container\" data-e-type=\"container\">\n\t\t<div class=\"elementor-element elementor-element-86ed77e e-flex e-con-boxed elementor-invisible e-con e-child\" data-id=\"86ed77e\" data-element_type=\"container\" data-e-type=\"container\" data-settings=\"{&quot;animation&quot;:&quot;fadeInUp&quot;,&quot;animation_delay&quot;:100}\">\n\t\t\t\t\t<div class=\"e-con-inner\">\n\t\t\t\t<div class=\"elementor-element elementor-element-f1728cf elementor-mobile-align-center elementor-icon-list--layout-traditional elementor-list-item-link-full_width elementor-widget elementor-widget-icon-list\" data-id=\"f1728cf\" data-element_type=\"widget\" data-e-type=\"widget\" data-widget_type=\"icon-list.default\">\n\t\t\t\t<div class=\"elementor-widget-container\">\n\t\t\t\t\t\t\t<ul class=\"elementor-icon-list-items\">\n\t\t\t\t\t\t\t<li class=\"elementor-icon-list-item\">\n\t\t\t\t\t\t\t\t\t\t\t<span class=\"elementor-icon-list-icon\">\n\t\t\t\t\t\t\t<i aria-hidden=\"true\" class=\"industras-icon- industras-icon-circle-o\"><\/i>\t\t\t\t\t\t<\/span>\n\t\t\t\t\t\t\t\t\t\t<span class=\"elementor-icon-list-text\">OUR SERVICES<\/span>\n\t\t\t\t\t\t\t\t\t<\/li>\n\t\t\t\t\t\t<\/ul>\n\t\t\t\t\t\t<\/div>\n\t\t\t\t<\/div>\n\t\t\t\t<div class=\"elementor-element elementor-element-6690182 elementor-widget__width-initial elementor-widget-tablet__width-inherit elementor-widget elementor-widget-heading\" data-id=\"6690182\" data-element_type=\"widget\" data-e-type=\"widget\" data-widget_type=\"heading.default\">\n\t\t\t\t<div class=\"elementor-widget-container\">\n\t\t\t\t\t<h2 class=\"elementor-heading-title elementor-size-default\">Professional approach to every project<\/h2>\t\t\t\t<\/div>\n\t\t\t\t<\/div>\n\t\t\t\t<div class=\"elementor-element elementor-element-bf6a365 elementor-widget-divider--view-line elementor-widget elementor-widget-divider\" data-id=\"bf6a365\" data-element_type=\"widget\" data-e-type=\"widget\" data-widget_type=\"divider.default\">\n\t\t\t\t<div class=\"elementor-widget-container\">\n\t\t\t\t\t\t\t<div class=\"elementor-divider\">\n\t\t\t<span class=\"elementor-divider-separator\">\n\t\t\t\t\t\t<\/span>\n\t\t<\/div>\n\t\t\t\t\t\t<\/div>\n\t\t\t\t<\/div>\n\t\t\t\t\t<\/div>\n\t\t\t\t<\/div>\n\t\t<div class=\"elementor-element elementor-element-b879030 e-flex e-con-boxed elementor-invisible e-con e-child\" data-id=\"b879030\" data-element_type=\"container\" data-e-type=\"container\" data-settings=\"{&quot;animation&quot;:&quot;fadeInUp&quot;,&quot;animation_delay&quot;:300}\">\n\t\t\t\t\t<div class=\"e-con-inner\">\n\t\t \t\t<div class=\"elementor-element elementor-element-f3f9b69 elementor-grid-2 elementor-grid-tablet_extra-1 elementor-grid-tablet-1 elementor-grid-mobile_extra-1 elementor-widget elementor-widget-industras-services\" data-id=\"f3f9b69\" data-element_type=\"widget\" data-e-type=\"widget\" data-settings=\"{&quot;column&quot;:&quot;2&quot;,&quot;column_spacing&quot;:{&quot;unit&quot;:&quot;px&quot;,&quot;size&quot;:70,&quot;sizes&quot;:[]},&quot;column_tablet_extra&quot;:&quot;1&quot;,&quot;column_tablet&quot;:&quot;1&quot;,&quot;column_mobile_extra&quot;:&quot;1&quot;}\" data-widget_type=\"industras-services.default\">\n\t\t\t\t<div class=\"elementor-widget-container\">\n\t\t\t\t\t<div class=\"industras-service columns-2  elementor-service elementor-service-style1\">\n<div class=\"industras-con\">\n    <ul class=\"industras-service elementor-grid\">\n\n<li class=\"service service-style-1\">\n    <div class=\"service-block\">\n                    <div class=\"service-transition\">\n                <div class=\"service-img-wrap bottom-to-top\">\n                    <div class=\"inner\">\n                        <figure class=\"service-image\">\n                            <a href=\"https:\/\/simsek-vk.az\/en\/service\/partlayis\/\" title=\"Blast\">\n                                <img decoding=\"async\" src=\"https:\/\/simsek-vk.az\/wp-content\/uploads\/2024\/07\/Fotosekiller-7.jpg\" class=\"service_thumbnail\" alt=\"Partlay\u0131\u015f\">\n                            <\/a>\n                        <\/figure>\n                    <\/div>\n                <\/div>\n            <\/div>\n                    <div class=\"service-caption\">\n                            <div class=\"service-image-icon\">\n                    <div class=\"service_icon\">\n                        <img decoding=\"async\" class=\"service_icon_img\" src=\"https:\/\/simsek-vk.az\/wp-content\/uploads\/2024\/07\/service-icon-svg-6.svg\" alt=\"\">                    <\/div>\n                <\/div>\n                            <div class=\"service-content-loop\">\n                <h3 class=\"service-loop-title\">\n                    <a href=\"https:\/\/simsek-vk.az\/en\/service\/partlayis\/\">Blast<\/a>\n                <\/h3>\n                <div class=\"service-content-box\">\n                                            <div class=\"service-loop-notice\">+ Security\r<br>+ Professional team\r<br>+ Precise execution<\/div>\n                                        <\/div>\n                <div class=\"service-button\">\n                    <a href=\"https:\/\/simsek-vk.az\/en\/service\/partlayis\/\" title=\"Blast\"><span>More details<\/span><i class=\"industras-icon industras-icon-arrow-right\"><\/i><\/a>\n                <\/div>\n            <\/div>\n        <\/div>\n    <\/div>\n<\/li>\n<li class=\"service service-style-1\">\n    <div class=\"service-block\">\n                    <div class=\"service-transition\">\n                <div class=\"service-img-wrap bottom-to-top\">\n                    <div class=\"inner\">\n                        <figure class=\"service-image\">\n                            <a href=\"https:\/\/simsek-vk.az\/en\/service\/qazma\/\" title=\"Drilling\">\n                                <img decoding=\"async\" src=\"https:\/\/simsek-vk.az\/wp-content\/uploads\/2024\/07\/Fotosekiller-2.jpg\" class=\"service_thumbnail\" alt=\"Qazma\">\n                            <\/a>\n                        <\/figure>\n                    <\/div>\n                <\/div>\n            <\/div>\n                    <div class=\"service-caption\">\n                            <div class=\"service-image-icon\">\n                    <div class=\"service_icon\">\n                        <img decoding=\"async\" class=\"service_icon_img\" src=\"https:\/\/simsek-vk.az\/wp-content\/uploads\/2024\/07\/service-icon-svg-2.svg\" alt=\"\">                    <\/div>\n                <\/div>\n                            <div class=\"service-content-loop\">\n                <h3 class=\"service-loop-title\">\n                    <a href=\"https:\/\/simsek-vk.az\/en\/service\/qazma\/\">Drilling<\/a>\n                <\/h3>\n                <div class=\"service-content-box\">\n                                            <div class=\"service-loop-notice\">+ Security\r<br>+ Professional team\r<br>+ Precise execution<\/div>\n                                        <\/div>\n                <div class=\"service-button\">\n                    <a href=\"https:\/\/simsek-vk.az\/en\/service\/qazma\/\" title=\"Drilling\"><span>More details<\/span><i class=\"industras-icon industras-icon-arrow-right\"><\/i><\/a>\n                <\/div>\n            <\/div>\n        <\/div>\n    <\/div>\n<\/li>\n    <\/ul>\n<\/div><\/div>\t\t\t\t<\/div>\n\t\t\t\t<\/div>\n\t\t\t\t\t<\/div>\n\t\t\t\t<\/div>\n\t\t\t\t<div class=\"elementor-element elementor-element-8d8361b elementor-absolute elementor-invisible elementor-widget elementor-widget-image\" data-id=\"8d8361b\" data-element_type=\"widget\" data-e-type=\"widget\" data-settings=\"{&quot;_position&quot;:&quot;absolute&quot;,&quot;_animation&quot;:&quot;fadeInRight&quot;,&quot;_animation_delay&quot;:100}\" data-widget_type=\"image.default\">\n\t\t\t\t<div class=\"elementor-widget-container\">\n\t\t\t\t\t\t\t\t\t\t\t\t\t\t\t<img fetchpriority=\"high\" decoding=\"async\" width=\"421\" height=\"1005\" src=\"https:\/\/simsek-vk.az\/wp-content\/uploads\/2024\/07\/service-bg-png.png\" class=\"attachment-full size-full wp-image-2742\" alt=\"\" srcset=\"https:\/\/simsek-vk.az\/wp-content\/uploads\/2024\/07\/service-bg-png.png 421w, https:\/\/simsek-vk.az\/wp-content\/uploads\/2024\/07\/service-bg-png-126x300.png 126w, https:\/\/simsek-vk.az\/wp-content\/uploads\/2024\/07\/service-bg-png-209x500.png 209w\" sizes=\"(max-width: 421px) 100vw, 421px\" \/>\t\t\t\t\t\t\t\t\t\t\t\t\t\t\t<\/div>\n\t\t\t\t<\/div>\n\t\t\t\t<\/div>\n\t\t<div class=\"elementor-element elementor-element-5a8f6fa e-con-full e-flex e-con e-parent\" data-id=\"5a8f6fa\" data-element_type=\"container\" data-e-type=\"container\">\n\t\t<div class=\"elementor-element elementor-element-ff690e3 e-con-full e-flex elementor-invisible e-con e-child\" data-id=\"ff690e3\" data-element_type=\"container\" data-e-type=\"container\" data-settings=\"{&quot;background_background&quot;:&quot;classic&quot;,&quot;animation&quot;:&quot;fadeInUp&quot;,&quot;animation_delay&quot;:100}\">\n\t\t\t\t<div class=\"elementor-element elementor-element-f8e8e54 elementor-widget__width-initial elementor-view-default elementor-position-block-start elementor-mobile-position-block-start elementor-widget elementor-widget-icon-box\" data-id=\"f8e8e54\" data-element_type=\"widget\" data-e-type=\"widget\" data-widget_type=\"icon-box.default\">\n\t\t\t\t<div class=\"elementor-widget-container\">\n\t\t\t\t\t    \t\t<div class=\"elementor-icon-box-wrapper\">\n    \t\t\t    \t\t\t<div class=\"elementor-icon-box-icon\">\n    \t\t\t\t<span class=\"elementor-icon elementor-animation-\" >\n    \t\t\t\t<i aria-hidden=\"true\" class=\"industras-icon- industras-icon-badge1\"><\/i>\n\n\n\n    \t\t\t\t<\/span>\n\n    \t\t\t<\/div>\n    \t\t\t    \t\t\t<div class=\"elementor-icon-box-content\">\n    \t\t\t\t<h3 class=\"elementor-icon-box-title\">\n    \t\t\t\t\t<span  >\n    \t\t\t\t\t\t11+    \t\t\t\t\t<\/span>\n    \t\t\t\t<\/h3>\n    \t\t\t\t    \t\t\t\t\t<p class=\"elementor-icon-box-description\">\n    \t\t\t\t\t\tYears of work experience    \t\t\t\t\t<\/p>\n    \t\t\t\t    \t\t\t<\/div>\n\n    \t\t<\/div>\n    \t\t\t\t\t\t<\/div>\n\t\t\t\t<\/div>\n\t\t\t\t<div class=\"elementor-element elementor-element-c4cba97 elementor-absolute elementor-hidden-mobile elementor-invisible elementor-widget elementor-widget-image\" data-id=\"c4cba97\" data-element_type=\"widget\" data-e-type=\"widget\" data-settings=\"{&quot;_position&quot;:&quot;absolute&quot;,&quot;_animation&quot;:&quot;fadeIn&quot;,&quot;_animation_delay&quot;:300}\" data-widget_type=\"image.default\">\n\t\t\t\t<div class=\"elementor-widget-container\">\n\t\t\t\t\t\t\t\t\t\t\t\t\t\t\t<img decoding=\"async\" width=\"100\" height=\"100\" src=\"https:\/\/simsek-vk.az\/wp-content\/uploads\/2024\/07\/service-svg-6.svg\" class=\"attachment-full size-full wp-image-1466\" alt=\"\" \/>\t\t\t\t\t\t\t\t\t\t\t\t\t\t\t<\/div>\n\t\t\t\t<\/div>\n\t\t\t\t<\/div>\n\t\t<div class=\"elementor-element elementor-element-3c375b4 e-con-full e-flex e-con e-child\" data-id=\"3c375b4\" data-element_type=\"container\" data-e-type=\"container\" data-settings=\"{&quot;background_background&quot;:&quot;classic&quot;}\">\n\t\t<div class=\"elementor-element elementor-element-c4113fb e-flex e-con-boxed e-con e-child\" data-id=\"c4113fb\" data-element_type=\"container\" data-e-type=\"container\">\n\t\t\t\t\t<div class=\"e-con-inner\">\n\t\t<div class=\"elementor-element elementor-element-b99202f e-con-full e-flex elementor-invisible e-con e-child\" data-id=\"b99202f\" data-element_type=\"container\" data-e-type=\"container\" data-settings=\"{&quot;animation&quot;:&quot;fadeInUp&quot;,&quot;animation_delay&quot;:100}\">\n\t\t\t\t<div class=\"elementor-element elementor-element-75547d4 elementor-mobile-align-center elementor-icon-list--layout-traditional elementor-list-item-link-full_width elementor-widget elementor-widget-icon-list\" data-id=\"75547d4\" data-element_type=\"widget\" data-e-type=\"widget\" data-widget_type=\"icon-list.default\">\n\t\t\t\t<div class=\"elementor-widget-container\">\n\t\t\t\t\t\t\t<ul class=\"elementor-icon-list-items\">\n\t\t\t\t\t\t\t<li class=\"elementor-icon-list-item\">\n\t\t\t\t\t\t\t\t\t\t\t<span class=\"elementor-icon-list-icon\">\n\t\t\t\t\t\t\t<i aria-hidden=\"true\" class=\"industras-icon- industras-icon-circle-o\"><\/i>\t\t\t\t\t\t<\/span>\n\t\t\t\t\t\t\t\t\t\t<span class=\"elementor-icon-list-text\">Our partners<\/span>\n\t\t\t\t\t\t\t\t\t<\/li>\n\t\t\t\t\t\t<\/ul>\n\t\t\t\t\t\t<\/div>\n\t\t\t\t<\/div>\n\t\t\t\t<div class=\"elementor-element elementor-element-1bdd8ca elementor-widget__width-initial elementor-widget-mobile__width-inherit elementor-widget elementor-widget-heading\" data-id=\"1bdd8ca\" data-element_type=\"widget\" data-e-type=\"widget\" data-widget_type=\"heading.default\">\n\t\t\t\t<div class=\"elementor-widget-container\">\n\t\t\t\t\t<h2 class=\"elementor-heading-title elementor-size-default\">Strong collaboration with trusted partners<\/h2>\t\t\t\t<\/div>\n\t\t\t\t<\/div>\n\t\t\t\t<\/div>\n\t\t<div class=\"elementor-element elementor-element-8b16648 e-con-full e-flex elementor-invisible e-con e-child\" data-id=\"8b16648\" data-element_type=\"container\" data-e-type=\"container\" data-settings=\"{&quot;animation&quot;:&quot;fadeInUp&quot;,&quot;animation_delay&quot;:300}\">\n\t\t\t\t<div class=\"elementor-element elementor-element-9800b17 elementor-grid-5 elementor-grid-tablet_extra-4 elementor-grid-tablet-4 elementor-grid-mobile_extra-3 elementor-grid-mobile-2 overflow-to-none swiper-widget-horizontal elementor-widget elementor-widget-industras-brand\" data-id=\"9800b17\" data-element_type=\"widget\" data-e-type=\"widget\" data-settings=\"{&quot;column&quot;:&quot;5&quot;,&quot;navigation&quot;:&quot;none&quot;,&quot;autoplay&quot;:&quot;no&quot;,&quot;column_tablet_extra&quot;:&quot;4&quot;,&quot;column_tablet&quot;:&quot;4&quot;,&quot;column_mobile_extra&quot;:&quot;3&quot;,&quot;column_mobile&quot;:&quot;2&quot;,&quot;column_spacing_swiper&quot;:{&quot;unit&quot;:&quot;px&quot;,&quot;size&quot;:30,&quot;sizes&quot;:[]},&quot;swiper_overflow&quot;:&quot;none&quot;,&quot;direction&quot;:&quot;horizontal&quot;,&quot;infinite&quot;:&quot;yes&quot;,&quot;speed&quot;:500}\" data-widget_type=\"industras-brand.default\">\n\t\t\t\t<div class=\"elementor-widget-container\">\n\t\t\t\t\t        <div class=\"elementor-brand-wrapper industras-wrapper industras-swiper-wrapper swiper\">\n            <div class=\"industras-con swiper-container industras-swiper\">\n                <div class=\"industras-con-inner swiper-wrapper\">\n                                            <div class=\"elementor-brand-item swiper-slide\">\n                            <div class=\"elementor-brand-image\">\n                                target=\"_blank\"<a href=\"https:\/\/kbt.az\/\"  title=\"K\u00f6rp\u00fc-Bina-Tikinti MMC\"><img decoding=\"async\" width=\"425\" height=\"106\" src=\"https:\/\/simsek-vk.az\/wp-content\/uploads\/2024\/12\/1.png\" class=\"attachment-full size-full wp-image-8770\" alt=\"\" srcset=\"https:\/\/simsek-vk.az\/wp-content\/uploads\/2024\/12\/1.png 425w, https:\/\/simsek-vk.az\/wp-content\/uploads\/2024\/12\/1-300x75.png 300w, https:\/\/simsek-vk.az\/wp-content\/uploads\/2024\/12\/1-18x4.png 18w\" sizes=\"(max-width: 425px) 100vw, 425px\" \/><\/a>                            <\/div>\n                        <\/div>\n                                            <div class=\"elementor-brand-item swiper-slide\">\n                            <div class=\"elementor-brand-image\">\n                                target=\"_blank _blank\"<a href=\"https:\/\/www.nwconstruction.com\/\"  title=\"North West Construction\"><img loading=\"lazy\" decoding=\"async\" width=\"425\" height=\"106\" src=\"https:\/\/simsek-vk.az\/wp-content\/uploads\/2024\/12\/4.png\" class=\"attachment-full size-full wp-image-8773\" alt=\"\" srcset=\"https:\/\/simsek-vk.az\/wp-content\/uploads\/2024\/12\/4.png 425w, https:\/\/simsek-vk.az\/wp-content\/uploads\/2024\/12\/4-300x75.png 300w, https:\/\/simsek-vk.az\/wp-content\/uploads\/2024\/12\/4-18x4.png 18w\" sizes=\"(max-width: 425px) 100vw, 425px\" \/><\/a>                            <\/div>\n                        <\/div>\n                                            <div class=\"elementor-brand-item swiper-slide\">\n                            <div class=\"elementor-brand-image\">\n                                target=\"_blank _blank _blank\"<a href=\"#\"  title=\"Retro Holding\"><img loading=\"lazy\" decoding=\"async\" width=\"425\" height=\"106\" src=\"https:\/\/simsek-vk.az\/wp-content\/uploads\/2024\/12\/2.png\" class=\"attachment-full size-full wp-image-8771\" alt=\"\" srcset=\"https:\/\/simsek-vk.az\/wp-content\/uploads\/2024\/12\/2.png 425w, https:\/\/simsek-vk.az\/wp-content\/uploads\/2024\/12\/2-300x75.png 300w, https:\/\/simsek-vk.az\/wp-content\/uploads\/2024\/12\/2-18x4.png 18w\" sizes=\"(max-width: 425px) 100vw, 425px\" \/><\/a>                            <\/div>\n                        <\/div>\n                                            <div class=\"elementor-brand-item swiper-slide\">\n                            <div class=\"elementor-brand-image\">\n                                target=\"_blank _blank _blank _blank\"<a href=\"https:\/\/www.hxt.az\/\"  title=\"Hydroxysticinti CJSC\"><img loading=\"lazy\" decoding=\"async\" width=\"425\" height=\"106\" src=\"https:\/\/simsek-vk.az\/wp-content\/uploads\/2024\/12\/5.png\" class=\"attachment-full size-full wp-image-8774\" alt=\"\" srcset=\"https:\/\/simsek-vk.az\/wp-content\/uploads\/2024\/12\/5.png 425w, https:\/\/simsek-vk.az\/wp-content\/uploads\/2024\/12\/5-300x75.png 300w, https:\/\/simsek-vk.az\/wp-content\/uploads\/2024\/12\/5-18x4.png 18w\" sizes=\"(max-width: 425px) 100vw, 425px\" \/><\/a>                            <\/div>\n                        <\/div>\n                                            <div class=\"elementor-brand-item swiper-slide\">\n                            <div class=\"elementor-brand-image\">\n                                target=\"_blank _blank _blank _blank _blank\"<a href=\"http:\/\/tldgroup.az\/\"  title=\"TLD LLC \"><img loading=\"lazy\" decoding=\"async\" width=\"425\" height=\"106\" src=\"https:\/\/simsek-vk.az\/wp-content\/uploads\/2024\/12\/3.png\" class=\"attachment-full size-full wp-image-8772\" alt=\"\" srcset=\"https:\/\/simsek-vk.az\/wp-content\/uploads\/2024\/12\/3.png 425w, https:\/\/simsek-vk.az\/wp-content\/uploads\/2024\/12\/3-300x75.png 300w, https:\/\/simsek-vk.az\/wp-content\/uploads\/2024\/12\/3-18x4.png 18w\" sizes=\"(max-width: 425px) 100vw, 425px\" \/><\/a>                            <\/div>\n                        <\/div>\n                                            <div class=\"elementor-brand-item swiper-slide\">\n                            <div class=\"elementor-brand-image\">\n                                target=\"_blank _blank _blank _blank _blank _blank\"<a href=\"#\"  title=\"DKT Construction Industry and Trade Co., Ltd.\"><img loading=\"lazy\" decoding=\"async\" width=\"425\" height=\"106\" src=\"https:\/\/simsek-vk.az\/wp-content\/uploads\/2024\/12\/6.png\" class=\"attachment-full size-full wp-image-8775\" alt=\"\" srcset=\"https:\/\/simsek-vk.az\/wp-content\/uploads\/2024\/12\/6.png 425w, https:\/\/simsek-vk.az\/wp-content\/uploads\/2024\/12\/6-300x75.png 300w, https:\/\/simsek-vk.az\/wp-content\/uploads\/2024\/12\/6-18x4.png 18w\" sizes=\"(max-width: 425px) 100vw, 425px\" \/><\/a>                            <\/div>\n                        <\/div>\n                                    <\/div>\n            <\/div>\n                                                                    <\/div>\n        \t\t\t\t<\/div>\n\t\t\t\t<\/div>\n\t\t\t\t<\/div>\n\t\t\t\t\t<\/div>\n\t\t\t\t<\/div>\n\t\t\t\t<\/div>\n\t\t\t\t<\/div>\n\t\t<div class=\"elementor-element elementor-element-4cbb201 e-flex e-con-boxed elementor-invisible e-con e-parent\" data-id=\"4cbb201\" data-element_type=\"container\" data-e-type=\"container\" data-settings=\"{&quot;animation&quot;:&quot;fadeInUp&quot;}\">\n\t\t\t\t\t<div class=\"e-con-inner\">\n\t\t\t\t<div class=\"elementor-element elementor-element-a60f710 elementor-mobile-align-center elementor-icon-list--layout-traditional elementor-list-item-link-full_width elementor-widget elementor-widget-icon-list\" data-id=\"a60f710\" data-element_type=\"widget\" data-e-type=\"widget\" data-widget_type=\"icon-list.default\">\n\t\t\t\t<div class=\"elementor-widget-container\">\n\t\t\t\t\t\t\t<ul class=\"elementor-icon-list-items\">\n\t\t\t\t\t\t\t<li class=\"elementor-icon-list-item\">\n\t\t\t\t\t\t\t\t\t\t\t<span class=\"elementor-icon-list-icon\">\n\t\t\t\t\t\t\t<i aria-hidden=\"true\" class=\"industras-icon- industras-icon-circle-o\"><\/i>\t\t\t\t\t\t<\/span>\n\t\t\t\t\t\t\t\t\t\t<span class=\"elementor-icon-list-text\">Work with us<\/span>\n\t\t\t\t\t\t\t\t\t<\/li>\n\t\t\t\t\t\t<\/ul>\n\t\t\t\t\t\t<\/div>\n\t\t\t\t<\/div>\n\t\t\t\t<div class=\"elementor-element elementor-element-cdbac93 elementor-widget__width-initial elementor-widget elementor-widget-heading\" data-id=\"cdbac93\" data-element_type=\"widget\" data-e-type=\"widget\" data-widget_type=\"heading.default\">\n\t\t\t\t<div class=\"elementor-widget-container\">\n\t\t\t\t\t<h2 class=\"elementor-heading-title elementor-size-default\">Professional drilling and blasting services for your project<\/h2>\t\t\t\t<\/div>\n\t\t\t\t<\/div>\n\t\t\t\t<div class=\"elementor-element elementor-element-91d8650 elementor-button-link elementor-widget elementor-widget-button\" data-id=\"91d8650\" data-element_type=\"widget\" data-e-type=\"widget\" data-widget_type=\"button.default\">\n\t\t\t\t<div class=\"elementor-widget-container\">\n\t\t\t\t\t\t\t\t\t<div class=\"elementor-button-wrapper\">\n\t\t\t\t\t<a class=\"elementor-button elementor-button-link elementor-size-sm\" href=\"#\">\n\t\t\t\t\t\t<span class=\"elementor-button-content-wrapper\">\n\t\t\t\t\t\t<span class=\"elementor-button-icon\">\n\t\t\t\t<i aria-hidden=\"true\" class=\"industras-icon- industras-icon-arrow-right\"><\/i>\t\t\t<\/span>\n\t\t\t\t\t\t\t\t\t<span class=\"elementor-button-text\">Send inquiry<\/span>\n\t\t\t\t\t<\/span>\n\t\t\t\t\t<\/a>\n\t\t\t\t<\/div>\n\t\t\t\t\t\t\t\t<\/div>\n\t\t\t\t<\/div>\n\t\t\t\t<div class=\"elementor-element elementor-element-d6ff2db elementor-absolute elementor-invisible elementor-widget elementor-widget-image\" data-id=\"d6ff2db\" data-element_type=\"widget\" data-e-type=\"widget\" data-settings=\"{&quot;_position&quot;:&quot;absolute&quot;,&quot;_animation&quot;:&quot;fadeInRight&quot;}\" data-widget_type=\"image.default\">\n\t\t\t\t<div class=\"elementor-widget-container\">\n\t\t\t\t\t\t\t\t\t\t\t\t\t\t\t<img loading=\"lazy\" decoding=\"async\" width=\"660\" height=\"361\" src=\"https:\/\/simsek-vk.az\/wp-content\/uploads\/2024\/07\/bg-faq.png\" class=\"attachment-full size-full wp-image-909\" alt=\"\" srcset=\"https:\/\/simsek-vk.az\/wp-content\/uploads\/2024\/07\/bg-faq.png 660w, https:\/\/simsek-vk.az\/wp-content\/uploads\/2024\/07\/bg-faq-300x164.png 300w, https:\/\/simsek-vk.az\/wp-content\/uploads\/2024\/07\/bg-faq-600x328.png 600w\" sizes=\"(max-width: 660px) 100vw, 660px\" \/>\t\t\t\t\t\t\t\t\t\t\t\t\t\t\t<\/div>\n\t\t\t\t<\/div>\n\t\t\t\t\t<\/div>\n\t\t\t\t<\/div>\n\t\t\t\t<\/div>","protected":false},"excerpt":{"rendered":"<p>X\u0130DM\u018fTL\u018fR\u0130M\u0130Z H\u0259r layih\u0259 \u00fc\u00e7\u00fcn pe\u015f\u0259kar yana\u015fma Partlay\u0131\u015f + T\u0259hl\u00fck\u0259sizlik + Pe\u015f\u0259kar komanda + D\u0259qiq icra More details Qazma + T\u0259hl\u00fck\u0259sizlik + Pe\u015f\u0259kar komanda + D\u0259qiq icra More details 11+ \u0130llik i\u015f t\u0259cr\u00fcb\u0259si T\u0259r\u0259fda\u015flar\u0131m\u0131z Etibarl\u0131 t\u0259r\u0259fda\u015flarla g\u00fccl\u00fc \u0259m\u0259kda\u015fl\u0131q target=&#8221;_blank&#8221; target=&#8221;_blank _blank&#8221; target=&#8221;_blank _blank _blank&#8221; target=&#8221;_blank _blank _blank _blank&#8221; target=&#8221;_blank _blank _blank _blank _blank&#8221; target=&#8221;_blank _blank _blank [&hellip;]<\/p>\n","protected":false},"author":1,"featured_media":0,"parent":0,"menu_order":0,"comment_status":"closed","ping_status":"closed","template":"","meta":{"inline_featured_image":false,"footnotes":""},"class_list":["post-109","page","type-page","status-publish","hentry"],"_links":{"self":[{"href":"https:\/\/simsek-vk.az\/en\/wp-json\/wp\/v2\/pages\/109","targetHints":{"allow":["GET"]}}],"collection":[{"href":"https:\/\/simsek-vk.az\/en\/wp-json\/wp\/v2\/pages"}],"about":[{"href":"https:\/\/simsek-vk.az\/en\/wp-json\/wp\/v2\/types\/page"}],"author":[{"embeddable":true,"href":"https:\/\/simsek-vk.az\/en\/wp-json\/wp\/v2\/users\/1"}],"replies":[{"embeddable":true,"href":"https:\/\/simsek-vk.az\/en\/wp-json\/wp\/v2\/comments?post=109"}],"version-history":[{"count":44,"href":"https:\/\/simsek-vk.az\/en\/wp-json\/wp\/v2\/pages\/109\/revisions"}],"predecessor-version":[{"id":9001,"href":"https:\/\/simsek-vk.az\/en\/wp-json\/wp\/v2\/pages\/109\/revisions\/9001"}],"wp:attachment":[{"href":"https:\/\/simsek-vk.az\/en\/wp-json\/wp\/v2\/media?parent=109"}],"curies":[{"name":"wp","href":"https:\/\/api.w.org\/{rel}","templated":true}]}}