{"id":122,"date":"2024-07-15T03:52:37","date_gmt":"2024-07-15T03:52:37","guid":{"rendered":"http:\/\/source.wpopal.com\/industras\/?page_id=122"},"modified":"2025-01-27T13:48:25","modified_gmt":"2025-01-27T13:48:25","slug":"layihelerimiz","status":"publish","type":"page","link":"https:\/\/simsek-vk.az\/ru\/layihelerimiz\/","title":{"rendered":"\u041d\u0430\u0448\u0438 \u043f\u0440\u043e\u0435\u043a\u0442\u044b"},"content":{"rendered":"<div data-elementor-type=\"wp-page\" data-elementor-id=\"122\" class=\"elementor elementor-122\" data-elementor-post-type=\"page\">\n\t\t\t\t<div class=\"elementor-element elementor-element-8cef21d e-flex e-con-boxed e-con e-parent\" data-id=\"8cef21d\" data-element_type=\"container\" data-e-type=\"container\">\n\t\t\t\t\t<div class=\"e-con-inner\">\n\t\t\t\t<div class=\"elementor-element elementor-element-fa401e0 elementor-mobile-align-center elementor-icon-list--layout-traditional elementor-list-item-link-full_width elementor-widget elementor-widget-icon-list\" data-id=\"fa401e0\" data-element_type=\"widget\" data-e-type=\"widget\" data-widget_type=\"icon-list.default\">\n\t\t\t\t<div class=\"elementor-widget-container\">\n\t\t\t\t\t\t\t<ul class=\"elementor-icon-list-items\">\n\t\t\t\t\t\t\t<li class=\"elementor-icon-list-item\">\n\t\t\t\t\t\t\t\t\t\t\t<span class=\"elementor-icon-list-icon\">\n\t\t\t\t\t\t\t<svg aria-hidden=\"true\" class=\"e-font-icon-svg e-fas-circle\" viewbox=\"0 0 512 512\" xmlns=\"http:\/\/www.w3.org\/2000\/svg\"><path d=\"M256 8C119 8 8 119 8 256s111 248 248 248 248-111 248-248S393 8 256 8z\"><\/path><\/svg>\t\t\t\t\t\t<\/span>\n\t\t\t\t\t\t\t\t\t\t<span class=\"elementor-icon-list-text\">\u0417\u0410\u0412\u0415\u0420\u0428\u0415\u041d\u041d\u042b\u0415 \u041f\u0420\u041e\u0415\u041a\u0422\u042b<\/span>\n\t\t\t\t\t\t\t\t\t<\/li>\n\t\t\t\t\t\t<\/ul>\n\t\t\t\t\t\t<\/div>\n\t\t\t\t<\/div>\n\t\t\t\t<div class=\"elementor-element elementor-element-9d70a5d elementor-widget__width-initial elementor-widget elementor-widget-heading\" data-id=\"9d70a5d\" data-element_type=\"widget\" data-e-type=\"widget\" data-widget_type=\"heading.default\">\n\t\t\t\t<div class=\"elementor-widget-container\">\n\t\t\t\t\t<h3 class=\"elementor-heading-title elementor-size-default\">\u041f\u0440\u043e\u0435\u043a\u0442\u044b, \u043a\u043e\u0442\u043e\u0440\u044b\u0435 \u043c\u044b \u0440\u0435\u0430\u043b\u0438\u0437\u043e\u0432\u0430\u043b\u0438 \u0432 \u0440\u0430\u0437\u043b\u0438\u0447\u043d\u044b\u0445 \u043e\u0431\u043b\u0430\u0441\u0442\u044f\u0445 \u043a\u0430\u043a Simsek-VK<\/h3>\t\t\t\t<\/div>\n\t\t\t\t<\/div>\n\t\t\t\t<div class=\"elementor-element elementor-element-370508a elementor-widget__width-initial elementor-widget-divider--view-line elementor-widget elementor-widget-divider\" data-id=\"370508a\" data-element_type=\"widget\" data-e-type=\"widget\" data-widget_type=\"divider.default\">\n\t\t\t\t<div class=\"elementor-widget-container\">\n\t\t\t\t\t\t\t<div class=\"elementor-divider\">\n\t\t\t<span class=\"elementor-divider-separator\">\n\t\t\t\t\t\t<\/span>\n\t\t<\/div>\n\t\t\t\t\t\t<\/div>\n\t\t\t\t<\/div>\n\t\t\t\t\t<\/div>\n\t\t\t\t<\/div>\n\t\t<div class=\"elementor-element elementor-element-3019c83 e-flex e-con-boxed e-con e-parent\" data-id=\"3019c83\" data-element_type=\"container\" data-e-type=\"container\">\n\t\t\t\t\t<div class=\"e-con-inner\">\n\t\t \t\t<div class=\"elementor-element elementor-element-f480457 elementor-grid-laptop-3 elementor-grid-tablet-2 elementor-grid-mobile-1 elementor-project-style-1 elementor-grid-4 elementor-widget elementor-widget-industras-project\" data-id=\"f480457\" data-element_type=\"widget\" data-e-type=\"widget\" data-settings=\"{&quot;column_laptop&quot;:&quot;3&quot;,&quot;column_tablet&quot;:&quot;2&quot;,&quot;column_mobile&quot;:&quot;1&quot;,&quot;column_spacing&quot;:{&quot;unit&quot;:&quot;px&quot;,&quot;size&quot;:50,&quot;sizes&quot;:[]},&quot;column&quot;:4}\" data-widget_type=\"industras-project.default\">\n\t\t\t\t<div class=\"elementor-widget-container\">\n\t\t\t\t\t<div class=\"industras-project columns-4  elementor-project elementor-project-style1\">\n<div class=\"industras-con\">\n    <ul class=\"industras-project elementor-grid\">\n\n<li class=\"project project-style-1\">\n    <div class=\"project-block\">\n        <div class=\"project-transition\">\n            <figure class=\"project-image\">\n                <a href=\"https:\/\/simsek-vk.az\/ru\/project\/menesli-kend-avtomobil-yolu-layihesi\/\" title=\"\u041f\u0440\u043e\u0435\u043a\u0442 \u0430\u0432\u0442\u043e\u0434\u043e\u0440\u043e\u0433\u0438 \u0441\u0435\u043b\u0430 \u041c\u0430\u043d\u0430\u0448\u043b\u0438\">\n                    <img decoding=\"async\" src=\"https:\/\/simsek-vk.az\/wp-content\/uploads\/2025\/01\/blasting-road-1024x610.jpg\" class=\"project_thumbnail\" alt=\"M\u0259n\u0259\u015fli k\u0259nd avtomobil yolu layih\u0259si\">\n                <\/a>\n                                    <div class=\"project-button\"><a href=\"https:\/\/simsek-vk.az\/ru\/project\/menesli-kend-avtomobil-yolu-layihesi\/\" title=\"\u041f\u0440\u043e\u0435\u043a\u0442 \u0430\u0432\u0442\u043e\u0434\u043e\u0440\u043e\u0433\u0438 \u0441\u0435\u043b\u0430 \u041c\u0430\u043d\u0430\u0448\u043b\u0438\"><span>View Project<\/span><i class=\"industras-icon-plus\"><\/i><\/a><\/div>\n                                <\/figure>\n        <\/div>\n        <div class=\"project-caption\">\n            <div class=\"project-caption-inner\">\n                                    <div class=\"project-subtitle\">\u041f\u0440\u043e\u0435\u043a\u0442\u044b<\/div>\n                                        <h3 class=\"project-loop-title\">\n                        <a href=\"https:\/\/simsek-vk.az\/ru\/project\/menesli-kend-avtomobil-yolu-layihesi\/\">\u041f\u0440\u043e\u0435\u043a\u0442 \u0430\u0432\u0442\u043e\u0434\u043e\u0440\u043e\u0433\u0438 \u0441\u0435\u043b\u0430 \u041c\u0430\u043d\u0430\u0448\u043b\u0438<\/a>\n                    <\/h3>\n                                <\/div>\n        <\/div>\n    <\/div>\n<\/li>\n<li class=\"project project-style-1\">\n    <div class=\"project-block\">\n        <div class=\"project-transition\">\n            <figure class=\"project-image\">\n                <a href=\"https:\/\/simsek-vk.az\/ru\/project\/mincivan-qesebesi-avtomobil-yolu-layihesi\/\" title=\"\u041f\u0440\u043e\u0435\u043a\u0442 \u0430\u0432\u0442\u043e\u0434\u043e\u0440\u043e\u0433\u0438 \u043f\u043e\u0441\u0435\u043b\u043a\u0430 \u041c\u0438\u043d\u0434\u0436\u0438\u0432\u0430\u043d\">\n                    <img decoding=\"async\" src=\"https:\/\/simsek-vk.az\/wp-content\/uploads\/2025\/01\/blasting-road-2-1024x610.jpg\" class=\"project_thumbnail\" alt=\"Mincivan q\u0259s\u0259b\u0259si avtomobil yolu layih\u0259si\">\n                <\/a>\n                                    <div class=\"project-button\"><a href=\"https:\/\/simsek-vk.az\/ru\/project\/mincivan-qesebesi-avtomobil-yolu-layihesi\/\" title=\"\u041f\u0440\u043e\u0435\u043a\u0442 \u0430\u0432\u0442\u043e\u0434\u043e\u0440\u043e\u0433\u0438 \u043f\u043e\u0441\u0435\u043b\u043a\u0430 \u041c\u0438\u043d\u0434\u0436\u0438\u0432\u0430\u043d\"><span>View Project<\/span><i class=\"industras-icon-plus\"><\/i><\/a><\/div>\n                                <\/figure>\n        <\/div>\n        <div class=\"project-caption\">\n            <div class=\"project-caption-inner\">\n                                    <div class=\"project-subtitle\">\u041f\u0440\u043e\u0435\u043a\u0442\u044b<\/div>\n                                        <h3 class=\"project-loop-title\">\n                        <a href=\"https:\/\/simsek-vk.az\/ru\/project\/mincivan-qesebesi-avtomobil-yolu-layihesi\/\">\u041f\u0440\u043e\u0435\u043a\u0442 \u0430\u0432\u0442\u043e\u0434\u043e\u0440\u043e\u0433\u0438 \u043f\u043e\u0441\u0435\u043b\u043a\u0430 \u041c\u0438\u043d\u0434\u0436\u0438\u0432\u0430\u043d<\/a>\n                    <\/h3>\n                                <\/div>\n        <\/div>\n    <\/div>\n<\/li>\n<li class=\"project project-style-1\">\n    <div class=\"project-block\">\n        <div class=\"project-transition\">\n            <figure class=\"project-image\">\n                <a href=\"https:\/\/simsek-vk.az\/ru\/project\/horadiz-cebrayil-zengilan-agbend-yolu-layihesi\/\" title=\"\u041f\u0440\u043e\u0435\u043a\u0442 \u0434\u043e\u0440\u043e\u0433\u0438 \u0413\u043e\u0440\u0430\u0434\u0438\u0437-\u0414\u0436\u0435\u0431\u0440\u0430\u0438\u043b-\u0417\u0430\u043d\u0433\u0438\u043b\u0430\u043d-\u0410\u0433\u0431\u0430\u043d\u0434\">\n                    <img decoding=\"async\" src=\"https:\/\/simsek-vk.az\/wp-content\/uploads\/2024\/07\/feature-images-projects33-4-1024x610.jpg\" class=\"project_thumbnail\" alt=\"Horadiz-C\u0259bray\u0131l-Z\u0259ngilan-A\u011fb\u0259nd yolu layih\u0259si\">\n                <\/a>\n                                    <div class=\"project-button\"><a href=\"https:\/\/simsek-vk.az\/ru\/project\/horadiz-cebrayil-zengilan-agbend-yolu-layihesi\/\" title=\"\u041f\u0440\u043e\u0435\u043a\u0442 \u0434\u043e\u0440\u043e\u0433\u0438 \u0413\u043e\u0440\u0430\u0434\u0438\u0437-\u0414\u0436\u0435\u0431\u0440\u0430\u0438\u043b-\u0417\u0430\u043d\u0433\u0438\u043b\u0430\u043d-\u0410\u0433\u0431\u0430\u043d\u0434\"><span>View Project<\/span><i class=\"industras-icon-plus\"><\/i><\/a><\/div>\n                                <\/figure>\n        <\/div>\n        <div class=\"project-caption\">\n            <div class=\"project-caption-inner\">\n                                    <div class=\"project-subtitle\">\u041f\u0440\u043e\u0435\u043a\u0442\u044b<\/div>\n                                        <h3 class=\"project-loop-title\">\n                        <a href=\"https:\/\/simsek-vk.az\/ru\/project\/horadiz-cebrayil-zengilan-agbend-yolu-layihesi\/\">\u041f\u0440\u043e\u0435\u043a\u0442 \u0434\u043e\u0440\u043e\u0433\u0438 \u0413\u043e\u0440\u0430\u0434\u0438\u0437-\u0414\u0436\u0435\u0431\u0440\u0430\u0438\u043b-\u0417\u0430\u043d\u0433\u0438\u043b\u0430\u043d-\u0410\u0433\u0431\u0430\u043d\u0434<\/a>\n                    <\/h3>\n                                <\/div>\n        <\/div>\n    <\/div>\n<\/li>\n<li class=\"project project-style-1\">\n    <div class=\"project-block\">\n        <div class=\"project-transition\">\n            <figure class=\"project-image\">\n                <a href=\"https:\/\/simsek-vk.az\/ru\/project\/gips-yataqlarinda-qazma-isleri\/\" title=\"\u0411\u0443\u0440\u043e\u0432\u044b\u0435 \u0440\u0430\u0431\u043e\u0442\u044b \u043d\u0430 \u043c\u0435\u0441\u0442\u043e\u0440\u043e\u0436\u0434\u0435\u043d\u0438\u044f\u0445 \u0433\u0438\u043f\u0441\u0430\">\n                    <img decoding=\"async\" src=\"https:\/\/simsek-vk.az\/wp-content\/uploads\/2024\/07\/feature-images-projects33-1-1024x610.jpg\" class=\"project_thumbnail\" alt=\"Gips yataqlar\u0131nda qazma i\u015fl\u0259ri\">\n                <\/a>\n                                    <div class=\"project-button\"><a href=\"https:\/\/simsek-vk.az\/ru\/project\/gips-yataqlarinda-qazma-isleri\/\" title=\"\u0411\u0443\u0440\u043e\u0432\u044b\u0435 \u0440\u0430\u0431\u043e\u0442\u044b \u043d\u0430 \u043c\u0435\u0441\u0442\u043e\u0440\u043e\u0436\u0434\u0435\u043d\u0438\u044f\u0445 \u0433\u0438\u043f\u0441\u0430\"><span>View Project<\/span><i class=\"industras-icon-plus\"><\/i><\/a><\/div>\n                                <\/figure>\n        <\/div>\n        <div class=\"project-caption\">\n            <div class=\"project-caption-inner\">\n                                    <div class=\"project-subtitle\">\u041f\u0440\u043e\u0435\u043a\u0442\u044b<\/div>\n                                        <h3 class=\"project-loop-title\">\n                        <a href=\"https:\/\/simsek-vk.az\/ru\/project\/gips-yataqlarinda-qazma-isleri\/\">\u0411\u0443\u0440\u043e\u0432\u044b\u0435 \u0440\u0430\u0431\u043e\u0442\u044b \u043d\u0430 \u043c\u0435\u0441\u0442\u043e\u0440\u043e\u0436\u0434\u0435\u043d\u0438\u044f\u0445 \u0433\u0438\u043f\u0441\u0430<\/a>\n                    <\/h3>\n                                <\/div>\n        <\/div>\n    <\/div>\n<\/li>\n<li class=\"project project-style-1\">\n    <div class=\"project-block\">\n        <div class=\"project-transition\">\n            <figure class=\"project-image\">\n                <a href=\"https:\/\/simsek-vk.az\/ru\/project\/geoloji-sertlere-uygun-qazma-ve-partlayis-isleri\/\" title=\"\u0411\u0443\u0440\u043e\u0432\u0437\u0440\u044b\u0432\u043d\u044b\u0435 \u0440\u0430\u0431\u043e\u0442\u044b \u0432 \u0437\u0430\u0432\u0438\u0441\u0438\u043c\u043e\u0441\u0442\u0438 \u043e\u0442 \u0433\u0435\u043e\u043b\u043e\u0433\u0438\u0447\u0435\u0441\u043a\u0438\u0445 \u0443\u0441\u043b\u043e\u0432\u0438\u0439\">\n                    <img decoding=\"async\" src=\"https:\/\/simsek-vk.az\/wp-content\/uploads\/2024\/07\/blasting-road-3-1024x610.jpg\" class=\"project_thumbnail\" alt=\"Geoloji \u015f\u0259rtl\u0259r\u0259 uy\u011fun qazma v\u0259 partlay\u0131\u015f i\u015fl\u0259ri\">\n                <\/a>\n                                    <div class=\"project-button\"><a href=\"https:\/\/simsek-vk.az\/ru\/project\/geoloji-sertlere-uygun-qazma-ve-partlayis-isleri\/\" title=\"\u0411\u0443\u0440\u043e\u0432\u0437\u0440\u044b\u0432\u043d\u044b\u0435 \u0440\u0430\u0431\u043e\u0442\u044b \u0432 \u0437\u0430\u0432\u0438\u0441\u0438\u043c\u043e\u0441\u0442\u0438 \u043e\u0442 \u0433\u0435\u043e\u043b\u043e\u0433\u0438\u0447\u0435\u0441\u043a\u0438\u0445 \u0443\u0441\u043b\u043e\u0432\u0438\u0439\"><span>View Project<\/span><i class=\"industras-icon-plus\"><\/i><\/a><\/div>\n                                <\/figure>\n        <\/div>\n        <div class=\"project-caption\">\n            <div class=\"project-caption-inner\">\n                                    <div class=\"project-subtitle\">\u041f\u0440\u043e\u0435\u043a\u0442\u044b<\/div>\n                                        <h3 class=\"project-loop-title\">\n                        <a href=\"https:\/\/simsek-vk.az\/ru\/project\/geoloji-sertlere-uygun-qazma-ve-partlayis-isleri\/\">\u0411\u0443\u0440\u043e\u0432\u0437\u0440\u044b\u0432\u043d\u044b\u0435 \u0440\u0430\u0431\u043e\u0442\u044b \u0432 \u0437\u0430\u0432\u0438\u0441\u0438\u043c\u043e\u0441\u0442\u0438 \u043e\u0442 \u0433\u0435\u043e\u043b\u043e\u0433\u0438\u0447\u0435\u0441\u043a\u0438\u0445 \u0443\u0441\u043b\u043e\u0432\u0438\u0439<\/a>\n                    <\/h3>\n                                <\/div>\n        <\/div>\n    <\/div>\n<\/li>\n<li class=\"project project-style-1\">\n    <div class=\"project-block\">\n        <div class=\"project-transition\">\n            <figure class=\"project-image\">\n                <a href=\"https:\/\/simsek-vk.az\/ru\/project\/lacin-bolge-yolu-layihesi\/\" title=\"\u041f\u0440\u043e\u0435\u043a\u0442 \u0440\u0435\u0433\u0438\u043e\u043d\u0430\u043b\u044c\u043d\u043e\u0439 \u0434\u043e\u0440\u043e\u0433\u0438 \u041b\u0430\u0447\u0438\u043d\">\n                    <img decoding=\"async\" src=\"https:\/\/simsek-vk.az\/wp-content\/uploads\/2024\/07\/blasting-road-4-1024x610.jpg\" class=\"project_thumbnail\" alt=\"La\u00e7\u0131n b\u00f6lg\u0259 yolu layih\u0259si\">\n                <\/a>\n                                    <div class=\"project-button\"><a href=\"https:\/\/simsek-vk.az\/ru\/project\/lacin-bolge-yolu-layihesi\/\" title=\"\u041f\u0440\u043e\u0435\u043a\u0442 \u0440\u0435\u0433\u0438\u043e\u043d\u0430\u043b\u044c\u043d\u043e\u0439 \u0434\u043e\u0440\u043e\u0433\u0438 \u041b\u0430\u0447\u0438\u043d\"><span>View Project<\/span><i class=\"industras-icon-plus\"><\/i><\/a><\/div>\n                                <\/figure>\n        <\/div>\n        <div class=\"project-caption\">\n            <div class=\"project-caption-inner\">\n                                    <div class=\"project-subtitle\">\u041f\u0440\u043e\u0435\u043a\u0442\u044b<\/div>\n                                        <h3 class=\"project-loop-title\">\n                        <a href=\"https:\/\/simsek-vk.az\/ru\/project\/lacin-bolge-yolu-layihesi\/\">\u041f\u0440\u043e\u0435\u043a\u0442 \u0440\u0435\u0433\u0438\u043e\u043d\u0430\u043b\u044c\u043d\u043e\u0439 \u0434\u043e\u0440\u043e\u0433\u0438 \u041b\u0430\u0447\u0438\u043d<\/a>\n                    <\/h3>\n                                <\/div>\n        <\/div>\n    <\/div>\n<\/li>\n<li class=\"project project-style-1\">\n    <div class=\"project-block\">\n        <div class=\"project-transition\">\n            <figure class=\"project-image\">\n                <a href=\"https:\/\/simsek-vk.az\/ru\/project\/magistral-yollarin-insasinda-qazma-partlayis-isleri\/\" title=\"Magistral yollar\u0131n in\u015fas\u0131nda qazma-partlay\u0131\u015f i\u015fl\u0259ri\">\n                    <img decoding=\"async\" src=\"https:\/\/simsek-vk.az\/wp-content\/uploads\/2024\/07\/feature-images-projects33-2-1024x610.jpg\" class=\"project_thumbnail\" alt=\"Magistral yollar\u0131n in\u015fas\u0131nda qazma-partlay\u0131\u015f i\u015fl\u0259ri\">\n                <\/a>\n                                    <div class=\"project-button\"><a href=\"https:\/\/simsek-vk.az\/ru\/project\/magistral-yollarin-insasinda-qazma-partlayis-isleri\/\" title=\"Magistral yollar\u0131n in\u015fas\u0131nda qazma-partlay\u0131\u015f i\u015fl\u0259ri\"><span>View Project<\/span><i class=\"industras-icon-plus\"><\/i><\/a><\/div>\n                                <\/figure>\n        <\/div>\n        <div class=\"project-caption\">\n            <div class=\"project-caption-inner\">\n                                    <div class=\"project-subtitle\">\u041f\u0440\u043e\u0435\u043a\u0442\u044b<\/div>\n                                        <h3 class=\"project-loop-title\">\n                        <a href=\"https:\/\/simsek-vk.az\/ru\/project\/magistral-yollarin-insasinda-qazma-partlayis-isleri\/\">Magistral yollar\u0131n in\u015fas\u0131nda qazma-partlay\u0131\u015f i\u015fl\u0259ri<\/a>\n                    <\/h3>\n                                <\/div>\n        <\/div>\n    <\/div>\n<\/li>\n    <\/ul>\n<\/div><\/div>\t\t\t\t<\/div>\n\t\t\t\t<\/div>\n\t\t\t\t\t<\/div>\n\t\t\t\t<\/div>\n\t\t\t\t<\/div>","protected":false},"excerpt":{"rendered":"<p>TAMAMLADI\u011eIMIZ LAY\u0130H\u018fL\u018fR Sim\u015f\u0259k-VK olaraq m\u00fcxt\u0259lif sah\u0259l\u0259rd\u0259 icra etdiyimiz layih\u0259l\u0259r View Project Layih\u0259l\u0259r La\u00e7\u0131n b\u00f6lg\u0259 yolu layih\u0259si View Project Layih\u0259l\u0259r Magistral yollar\u0131n in\u015fas\u0131nda qazma-partlay\u0131\u015f i\u015fl\u0259ri View Project Layih\u0259l\u0259r Innovative Solutions for Nuclear Power Plant Processes View Project Layih\u0259l\u0259r Transforming Manufacturing with Smart Industry Robot Arms View Project Layih\u0259l\u0259r The production of offshore green hydrogen View Project [&hellip;]<\/p>\n","protected":false},"author":1,"featured_media":0,"parent":0,"menu_order":0,"comment_status":"closed","ping_status":"closed","template":"","meta":{"inline_featured_image":false,"footnotes":""},"class_list":["post-122","page","type-page","status-publish","hentry"],"_links":{"self":[{"href":"https:\/\/simsek-vk.az\/ru\/wp-json\/wp\/v2\/pages\/122","targetHints":{"allow":["GET"]}}],"collection":[{"href":"https:\/\/simsek-vk.az\/ru\/wp-json\/wp\/v2\/pages"}],"about":[{"href":"https:\/\/simsek-vk.az\/ru\/wp-json\/wp\/v2\/types\/page"}],"author":[{"embeddable":true,"href":"https:\/\/simsek-vk.az\/ru\/wp-json\/wp\/v2\/users\/1"}],"replies":[{"embeddable":true,"href":"https:\/\/simsek-vk.az\/ru\/wp-json\/wp\/v2\/comments?post=122"}],"version-history":[{"count":7,"href":"https:\/\/simsek-vk.az\/ru\/wp-json\/wp\/v2\/pages\/122\/revisions"}],"predecessor-version":[{"id":8941,"href":"https:\/\/simsek-vk.az\/ru\/wp-json\/wp\/v2\/pages\/122\/revisions\/8941"}],"wp:attachment":[{"href":"https:\/\/simsek-vk.az\/ru\/wp-json\/wp\/v2\/media?parent=122"}],"curies":[{"name":"wp","href":"https:\/\/api.w.org\/{rel}","templated":true}]}}