{"id":98,"date":"2024-07-15T03:49:21","date_gmt":"2024-07-15T03:49:21","guid":{"rendered":"http:\/\/source.wpopal.com\/industras\/?page_id=98"},"modified":"2026-03-03T11:02:00","modified_gmt":"2026-03-03T11:02:00","slug":"elaqe","status":"publish","type":"page","link":"https:\/\/simsek-vk.az\/ru\/elaqe\/","title":{"rendered":"\u041a\u043e\u043d\u0442\u0430\u043a\u0442"},"content":{"rendered":"<div data-elementor-type=\"wp-page\" data-elementor-id=\"98\" class=\"elementor elementor-98\" data-elementor-post-type=\"page\">\n\t\t\t\t<div class=\"elementor-element elementor-element-7022d45 e-flex e-con-boxed e-con e-parent\" data-id=\"7022d45\" data-element_type=\"container\" data-e-type=\"container\" data-settings=\"{&quot;background_background&quot;:&quot;classic&quot;}\">\n\t\t\t\t\t<div class=\"e-con-inner\">\n\t\t<div class=\"elementor-element elementor-element-8596f32 e-con-full e-flex e-con e-child\" data-id=\"8596f32\" data-element_type=\"container\" data-e-type=\"container\" data-settings=\"{&quot;background_background&quot;:&quot;classic&quot;}\">\n\t\t\t\t<div class=\"elementor-element elementor-element-cb33ba7 elementor-widget elementor-widget-heading\" data-id=\"cb33ba7\" data-element_type=\"widget\" data-e-type=\"widget\" data-widget_type=\"heading.default\">\n\t\t\t\t<div class=\"elementor-widget-container\">\n\t\t\t\t\t<h4 class=\"elementor-heading-title elementor-size-default\">\u0421\u0432\u044f\u0437\u0430\u0442\u044c\u0441\u044f \u0441 \u043d\u0430\u043c\u0438<\/h4>\t\t\t\t<\/div>\n\t\t\t\t<\/div>\n\t\t \t\t<div class=\"elementor-element elementor-element-856d65f elementor-widget elementor-widget-text-editor\" data-id=\"856d65f\" data-element_type=\"widget\" data-e-type=\"widget\" data-widget_type=\"text-editor.default\">\n\t\t\t\t<div class=\"elementor-widget-container\">\n\t\t\t\t\t\t\t\t\t<p>\u0417\u0430\u043f\u043e\u043b\u043d\u0438\u0442\u0435 \u043a\u043e\u043d\u0442\u0430\u043a\u0442\u043d\u0443\u044e \u0444\u043e\u0440\u043c\u0443, \u0435\u0441\u043b\u0438 \u0443 \u0432\u0430\u0441 \u0432\u043e\u0437\u043d\u0438\u043a\u043b\u0438 \u0432\u043e\u043f\u0440\u043e\u0441\u044b, \u0438 \u043c\u044b \u0441\u0432\u044f\u0436\u0435\u043c\u0441\u044f \u0441 \u0432\u0430\u043c\u0438 \u043a\u0430\u043a \u043c\u043e\u0436\u043d\u043e \u0441\u043a\u043e\u0440\u0435\u0435.<\/p>\t\t\t\t\t\t\t\t<\/div>\n\t\t\t\t<\/div>\n\t\t\t\t<div class=\"elementor-element elementor-element-6b1cf31 elementor-widget elementor-widget-industras-contactform\" data-id=\"6b1cf31\" data-element_type=\"widget\" data-e-type=\"widget\" data-widget_type=\"industras-contactform.default\">\n\t\t\t\t<div class=\"elementor-widget-container\">\n\t\t\t\t\t\n<div class=\"wpcf7 no-js\" id=\"wpcf7-f951-o1\" lang=\"en-US\" dir=\"ltr\" data-wpcf7-id=\"951\">\n<div class=\"screen-reader-response\"><p role=\"status\" aria-live=\"polite\" aria-atomic=\"true\"><\/p> <ul><\/ul><\/div>\n<form action=\"\/ru\/wp-json\/wp\/v2\/pages\/98#wpcf7-f951-o1\" method=\"post\" class=\"wpcf7-form init\" aria-label=\"Contact form\" novalidate=\"novalidate\" data-status=\"init\" data-trp-original-action=\"\/ru\/wp-json\/wp\/v2\/pages\/98#wpcf7-f951-o1\">\n<fieldset class=\"hidden-fields-container\"><input type=\"hidden\" name=\"_wpcf7\" value=\"951\" \/><input type=\"hidden\" name=\"_wpcf7_version\" value=\"6.1.5\" \/><input type=\"hidden\" name=\"_wpcf7_locale\" value=\"en_US\" \/><input type=\"hidden\" name=\"_wpcf7_unit_tag\" value=\"wpcf7-f951-o1\" \/><input type=\"hidden\" name=\"_wpcf7_container_post\" value=\"0\" \/><input type=\"hidden\" name=\"_wpcf7_posted_data_hash\" value=\"\" \/>\n<\/fieldset>\n<div class=\"wpcf7-turnstile cf-turnstile\" data-sitekey=\"0x4AAAAAACliUTwTcBGktMBK\" data-response-field-name=\"_wpcf7_turnstile_response\"><\/div>\n\n<div class=\"form-2\">\n\t<div class=\"row row-form-2\">\n\t\t<div class=\"column-12\">\n\t\t\t<p><span class=\"wpcf7-form-control-wrap\" data-name=\"your-name\"><input size=\"40\" maxlength=\"400\" class=\"wpcf7-form-control wpcf7-text wpcf7-validates-as-required\" id=\"form-name-2\" aria-required=\"true\" aria-invalid=\"false\" placeholder=\"\u0418\u043c\u044f, \u0444\u0430\u043c\u0438\u043b\u0438\u044f\" value=\"\" type=\"text\" name=\"your-name\" \/><\/span>\n\t\t\t<\/p>\n\t\t<\/div>\n\t\t<div class=\"column-12\">\n\t\t\t<p><span class=\"wpcf7-form-control-wrap\" data-name=\"your-email\"><input size=\"40\" maxlength=\"400\" class=\"wpcf7-form-control wpcf7-email wpcf7-validates-as-required wpcf7-text wpcf7-validates-as-email\" id=\"form-email-2\" aria-required=\"true\" aria-invalid=\"false\" placeholder=\"E-mail\" value=\"\" type=\"email\" name=\"your-email\" \/><\/span>\n\t\t\t<\/p>\n\t\t<\/div>\n\t\t<div class=\"column-12\">\n\t\t\t<p><span class=\"wpcf7-form-control-wrap\" data-name=\"your-inquiry\"><input size=\"40\" maxlength=\"400\" class=\"wpcf7-form-control wpcf7-text wpcf7-validates-as-required\" aria-required=\"true\" aria-invalid=\"false\" placeholder=\"\u041f\u0440\u0435\u0434\u043c\u0435\u0442\" value=\"\" type=\"text\" name=\"your-inquiry\" \/><\/span>\n\t\t\t<\/p>\n\t\t<\/div>\n\t\t<div class=\"column-12\">\n\t\t\t<p><span class=\"wpcf7-form-control-wrap\" data-name=\"your-message\"><textarea cols=\"40\" rows=\"4\" maxlength=\"2000\" class=\"wpcf7-form-control wpcf7-textarea wpcf7-validates-as-required\" aria-required=\"true\" aria-invalid=\"false\" placeholder=\"\u0421\u043e\u043e\u0431\u0449\u0435\u043d\u0438\u0435\" name=\"your-message\"><\/textarea><\/span>\n\t\t\t<\/p>\n\t\t<\/div>\n\t<\/div>\n\t<div class=\"wpcf7-button has-spinner\">\n\t\t<p><button type=\"submit\" value=\"Submit\">\u041e\u0442\u043f\u0440\u0430\u0432\u0438\u0442\u044c \u0437\u0430\u043f\u0440\u043e\u0441<i aria-hidden=\"true\" class=\"industras-icon-acc1\"><\/i><\/button>\n\t\t<\/p>\n\t<\/div>\n<\/div><div class=\"wpcf7-response-output\" aria-hidden=\"true\"><\/div>\n<input type=\"hidden\" name=\"trp-form-language\" value=\"ru\"\/><\/form>\n<\/div>\n\t\t\t\t<\/div>\n\t\t\t\t<\/div>\n\t\t\t\t<\/div>\n\t\t<div class=\"elementor-element elementor-element-897314f e-con-full e-flex e-con e-child\" data-id=\"897314f\" data-element_type=\"container\" data-e-type=\"container\">\n\t\t\t\t<div class=\"elementor-element elementor-element-f5b436e elementor-mobile-align-center elementor-icon-list--layout-traditional elementor-list-item-link-full_width elementor-widget elementor-widget-icon-list\" data-id=\"f5b436e\" data-element_type=\"widget\" data-e-type=\"widget\" data-widget_type=\"icon-list.default\">\n\t\t\t\t<div class=\"elementor-widget-container\">\n\t\t\t\t\t\t\t<ul class=\"elementor-icon-list-items\">\n\t\t\t\t\t\t\t<li class=\"elementor-icon-list-item\">\n\t\t\t\t\t\t\t\t\t\t\t<span class=\"elementor-icon-list-icon\">\n\t\t\t\t\t\t\t<i aria-hidden=\"true\" class=\"industras-icon- industras-icon-circle-o\"><\/i>\t\t\t\t\t\t<\/span>\n\t\t\t\t\t\t\t\t\t\t<span class=\"elementor-icon-list-text\">\u041a\u041e\u041d\u0422\u0410\u041a\u0422<\/span>\n\t\t\t\t\t\t\t\t\t<\/li>\n\t\t\t\t\t\t<\/ul>\n\t\t\t\t\t\t<\/div>\n\t\t\t\t<\/div>\n\t\t\t\t<div class=\"elementor-element elementor-element-2f5ce8d elementor-widget__width-initial elementor-widget elementor-widget-heading\" data-id=\"2f5ce8d\" data-element_type=\"widget\" data-e-type=\"widget\" data-widget_type=\"heading.default\">\n\t\t\t\t<div class=\"elementor-widget-container\">\n\t\t\t\t\t<h2 class=\"elementor-heading-title elementor-size-default\">\u0423 \u0432\u0430\u0441 \u0435\u0441\u0442\u044c \u0432\u043e\u043f\u0440\u043e\u0441\u044b \u043f\u043e \u0431\u0443\u0440\u043e\u0432\u0437\u0440\u044b\u0432\u043d\u044b\u043c \u0440\u0430\u0431\u043e\u0442\u0430\u043c?<\/h2>\t\t\t\t<\/div>\n\t\t\t\t<\/div>\n\t\t\t\t<div class=\"elementor-element elementor-element-86f6ea5 elementor-widget__width-initial elementor-widget elementor-widget-text-editor\" data-id=\"86f6ea5\" data-element_type=\"widget\" data-e-type=\"widget\" data-widget_type=\"text-editor.default\">\n\t\t\t\t<div class=\"elementor-widget-container\">\n\t\t\t\t\t\t\t\t\t<p>\u0411\u043e\u043b\u0435\u0435 \u043f\u043e\u0434\u0440\u043e\u0431\u043d\u0443\u044e \u0438\u043d\u0444\u043e\u0440\u043c\u0430\u0446\u0438\u044e \u043e \u043d\u0430\u0448\u0438\u0445 \u0443\u0441\u043b\u0443\u0433\u0430\u0445 \u0438 \u043f\u0440\u043e\u0435\u043a\u0442\u0430\u0445 \u0432\u044b \u043c\u043e\u0436\u0435\u0442\u0435 \u043f\u043e\u043b\u0443\u0447\u0438\u0442\u044c, \u0441\u0432\u044f\u0437\u0430\u0432\u0448\u0438\u0441\u044c \u0441 \u043d\u0430\u043c\u0438. \u041d\u0430\u0448\u0430 \u043f\u0440\u043e\u0444\u0435\u0441\u0441\u0438\u043e\u043d\u0430\u043b\u044c\u043d\u0430\u044f \u043a\u043e\u043c\u0430\u043d\u0434\u0430 \u0432\u0441\u0435\u0433\u0434\u0430 \u0433\u043e\u0442\u043e\u0432\u0430 \u043e\u0442\u0432\u0435\u0442\u0438\u0442\u044c \u043d\u0430 \u0432\u0430\u0448\u0438 \u0432\u043e\u043f\u0440\u043e\u0441\u044b.<\/p>\t\t\t\t\t\t\t\t<\/div>\n\t\t\t\t<\/div>\n\t\t\t\t<div class=\"elementor-element elementor-element-ab6dbe6 elementor-widget__width-initial elementor-widget-divider--view-line elementor-widget elementor-widget-divider\" data-id=\"ab6dbe6\" data-element_type=\"widget\" data-e-type=\"widget\" data-widget_type=\"divider.default\">\n\t\t\t\t<div class=\"elementor-widget-container\">\n\t\t\t\t\t\t\t<div class=\"elementor-divider\">\n\t\t\t<span class=\"elementor-divider-separator\">\n\t\t\t\t\t\t<\/span>\n\t\t<\/div>\n\t\t\t\t\t\t<\/div>\n\t\t\t\t<\/div>\n\t\t<div class=\"elementor-element elementor-element-c6c1641 e-con-full e-flex e-con e-child\" data-id=\"c6c1641\" data-element_type=\"container\" data-e-type=\"container\">\n\t\t<div class=\"elementor-element elementor-element-68d3dd1 e-con-full e-flex e-con e-child\" data-id=\"68d3dd1\" data-element_type=\"container\" data-e-type=\"container\">\n\t\t\t\t<div class=\"elementor-element elementor-element-4f68312 elementor-widget elementor-widget-image\" data-id=\"4f68312\" data-element_type=\"widget\" data-e-type=\"widget\" data-widget_type=\"image.default\">\n\t\t\t\t<div class=\"elementor-widget-container\">\n\t\t\t\t\t\t\t\t\t\t\t\t\t\t\t<img decoding=\"async\" src=\"http:\/\/source.wpopal.com\/industras\/wp-content\/uploads\/2024\/07\/logo-icon.svg\" title=\"\" alt=\"\" loading=\"lazy\" \/>\t\t\t\t\t\t\t\t\t\t\t\t\t\t\t<\/div>\n\t\t\t\t<\/div>\n\t\t\t\t<\/div>\n\t\t<div class=\"elementor-element elementor-element-3c18d8d e-con-full e-flex e-con e-child\" data-id=\"3c18d8d\" data-element_type=\"container\" data-e-type=\"container\">\n\t\t\t\t<div class=\"elementor-element elementor-element-4e99235 elementor-widget elementor-widget-heading\" data-id=\"4e99235\" data-element_type=\"widget\" data-e-type=\"widget\" data-widget_type=\"heading.default\">\n\t\t\t\t<div class=\"elementor-widget-container\">\n\t\t\t\t\t<h6 class=\"elementor-heading-title elementor-size-default\">\u0410\u0434\u0440\u0435\u0441<\/h6>\t\t\t\t<\/div>\n\t\t\t\t<\/div>\n\t\t\t\t<div class=\"elementor-element elementor-element-9c555ad elementor-widget__width-initial elementor-widget-mobile__width-inherit elementor-widget elementor-widget-text-editor\" data-id=\"9c555ad\" data-element_type=\"widget\" data-e-type=\"widget\" data-widget_type=\"text-editor.default\">\n\t\t\t\t<div class=\"elementor-widget-container\">\n\t\t\t\t\t\t\t\t\t<p><span class=\"OYPEnA font-feature-liga-off font-feature-clig-off font-feature-calt-off text-decoration-none text-strikethrough-none\">\u041d\u0438\u0437\u0430\u043c\u0438\u043d\u0441\u043a\u0438\u0439 \u0440\u0430\u0439\u043e\u043d, \u0443\u043b\u0438\u0446\u0430 \u041c.\u0428\u0430\u0440\u0438\u0444\u043b\u0438, \u0434\u043e\u043c 1 \u041c<\/span><\/p>\t\t\t\t\t\t\t\t<\/div>\n\t\t\t\t<\/div>\n\t\t\t\t<div class=\"elementor-element elementor-element-a924e36 elementor-widget-mobile__width-inherit elementor-widget elementor-widget-text-editor\" data-id=\"a924e36\" data-element_type=\"widget\" data-e-type=\"widget\" data-widget_type=\"text-editor.default\">\n\t\t\t\t<div class=\"elementor-widget-container\">\n\t\t\t\t\t\t\t\t\t<p>\u0422\u0435\u043b\u0435\u0444\u043e\u043d: <strong>+994<span class=\"OYPEnA font-feature-liga-off font-feature-clig-off font-feature-calt-off text-decoration-none text-strikethrough-none\">50 314 3717<\/span><\/strong><\/p>\t\t\t\t\t\t\t\t<\/div>\n\t\t\t\t<\/div>\n\t\t\t\t<div class=\"elementor-element elementor-element-0e76411 elementor-widget-mobile__width-inherit elementor-widget elementor-widget-text-editor\" data-id=\"0e76411\" data-element_type=\"widget\" data-e-type=\"widget\" data-widget_type=\"text-editor.default\">\n\t\t\t\t<div class=\"elementor-widget-container\">\n\t\t\t\t\t\t\t\t\t<p>E-mail: info@simsek-vk.az<\/p>\t\t\t\t\t\t\t\t<\/div>\n\t\t\t\t<\/div>\n\t\t\t\t<\/div>\n\t\t\t\t<\/div>\n\t\t\t\t<\/div>\n\t\t\t\t\t<\/div>\n\t\t\t\t<\/div>\n\t\t\t\t<\/div>","protected":false},"excerpt":{"rendered":"<p>B\u0130ziml\u0259 \u0259laq\u0259 Sizi maraqland\u0131ran suallarla ba\u011fl\u0131 \u0259laq\u0259 formunu doldurun v\u0259 \u0259n q\u0131sa zamanda siz\u0259 geri d\u00f6n\u00fc\u015f olunacaqdr. Sor\u011fu g\u00f6nd\u0259r \u018fLAQ\u018f Qazma-partlay\u0131\u015f i\u015fl\u0259rin\u0259 aid sual\u0131n\u0131z varmi? Biziml\u0259 \u0259laq\u0259 saxlayaraq xidm\u0259tl\u0259rimiz v\u0259 layih\u0259l\u0259riniz \u00fc\u00e7\u00fcn daha \u0259trafl\u0131 m\u0259lumat ala bil\u0259rsiniz. Pe\u015f\u0259kar komandam\u0131z h\u0259r zaman suallar\u0131n\u0131z\u0131 cavabland\u0131rma\u011fa haz\u0131rd\u0131r. \u00dcnvan Nizami ray., M.\u015e\u0259rifli k\u00fc\u00e7., ev 1 M Telefon: +99450 314 [&hellip;]<\/p>\n","protected":false},"author":1,"featured_media":0,"parent":0,"menu_order":0,"comment_status":"closed","ping_status":"closed","template":"","meta":{"inline_featured_image":false,"footnotes":""},"class_list":["post-98","page","type-page","status-publish","hentry"],"_links":{"self":[{"href":"https:\/\/simsek-vk.az\/ru\/wp-json\/wp\/v2\/pages\/98","targetHints":{"allow":["GET"]}}],"collection":[{"href":"https:\/\/simsek-vk.az\/ru\/wp-json\/wp\/v2\/pages"}],"about":[{"href":"https:\/\/simsek-vk.az\/ru\/wp-json\/wp\/v2\/types\/page"}],"author":[{"embeddable":true,"href":"https:\/\/simsek-vk.az\/ru\/wp-json\/wp\/v2\/users\/1"}],"replies":[{"embeddable":true,"href":"https:\/\/simsek-vk.az\/ru\/wp-json\/wp\/v2\/comments?post=98"}],"version-history":[{"count":31,"href":"https:\/\/simsek-vk.az\/ru\/wp-json\/wp\/v2\/pages\/98\/revisions"}],"predecessor-version":[{"id":9082,"href":"https:\/\/simsek-vk.az\/ru\/wp-json\/wp\/v2\/pages\/98\/revisions\/9082"}],"wp:attachment":[{"href":"https:\/\/simsek-vk.az\/ru\/wp-json\/wp\/v2\/media?parent=98"}],"curies":[{"name":"wp","href":"https:\/\/api.w.org\/{rel}","templated":true}]}}